{"id":31116,"date":"2025-10-25T18:48:30","date_gmt":"2025-10-25T18:48:30","guid":{"rendered":"https:\/\/peptidepowereu.is\/politica-de-privacidad\/"},"modified":"2026-02-07T13:52:31","modified_gmt":"2026-02-07T13:52:31","slug":"politica-de-privacidad","status":"publish","type":"page","link":"https:\/\/peptidepowereu.is\/es\/politica-de-privacidad\/","title":{"rendered":"pol\u00edtica de privacidad"},"content":{"rendered":"\n<h2 class=\"wp-block-heading\">pol\u00edtica de privacidad<\/h2>\n\n<p><strong>\u00daltima actualizaci\u00f3n:<\/strong> 21 de octubre de 2025<\/p>\n\n<p>Esta Pol\u00edtica de Privacidad describe c\u00f3mo <strong>PEPTIDE.Power<\/strong> (el \u00abSitio\u00bb, \u00abnosotros\u00bb, \u00abnos\u00bb o \u00abnuestro\u00bb), operado por <strong>Exotic Ventures SRO<\/strong> , recopila, utiliza y divulga su informaci\u00f3n personal cuando visita, utiliza nuestros servicios, realiza una compra en <strong>peptidepower.is<\/strong> (el \u00abSitio\u00bb) o se comunica con nosotros en relaci\u00f3n con el Sitio (en conjunto, los \u00abServicios\u00bb). A los efectos de esta Pol\u00edtica de Privacidad, \u00abusted\u00bb y \u00absu\u00bb se refieren a usted como usuario de los Servicios, ya sea cliente, visitante del sitio web u otra persona cuya informaci\u00f3n procesamos de conformidad con esta Pol\u00edtica de Privacidad. <\/p>\n\n<p>Lea atentamente esta Pol\u00edtica de Privacidad.<\/p>\n\n<h2 class=\"wp-block-heading\">Cambios a esta Pol\u00edtica de Privacidad<\/h2>\n\n<p>Podemos actualizar esta Pol\u00edtica de Privacidad peri\u00f3dicamente, incluso para reflejar cambios en nuestras pr\u00e1cticas o por otros motivos operativos, legales o regulatorios. Publicaremos la Pol\u00edtica de Privacidad revisada en el Sitio, actualizaremos la fecha de \u00ab\u00daltima actualizaci\u00f3n\u00bb y tomaremos cualquier otra medida requerida por la legislaci\u00f3n aplicable. <\/p>\n\n<h2 class=\"wp-block-heading\">C\u00f3mo recopilamos y utilizamos su informaci\u00f3n personal<\/h2>\n\n<p>Para prestar los Servicios, recopilamos, y hemos recopilado durante los \u00faltimos 12 meses, informaci\u00f3n personal sobre usted de diversas fuentes, como se detalla a continuaci\u00f3n. La informaci\u00f3n que recopilamos y utilizamos var\u00eda seg\u00fan c\u00f3mo interact\u00fae con nosotros. <\/p>\n\n<p>Adem\u00e1s de los usos espec\u00edficos que se detallan a continuaci\u00f3n, podemos utilizar la informaci\u00f3n que recopilemos sobre usted para comunicarnos con usted, proporcionar y mejorar los Servicios, cumplir con las obligaciones legales, hacer cumplir nuestros T\u00e9rminos y Condiciones, y proteger o defender los Servicios, nuestros derechos y los derechos de nuestros usuarios u otros.<\/p>\n\n<h3 class=\"wp-block-heading\">Qu\u00e9 informaci\u00f3n personal recopilamos<\/h3>\n\n<p>Los tipos de informaci\u00f3n personal que obtenemos sobre usted dependen de c\u00f3mo interact\u00fae con nuestro Sitio y utilice nuestros Servicios. \u00abInformaci\u00f3n personal\u00bb se refiere a la informaci\u00f3n que lo identifica, se relaciona con usted, lo describe o puede asociarse razonablemente con usted. Las siguientes secciones describen las categor\u00edas y los tipos espec\u00edficos de informaci\u00f3n personal que recopilamos.  <\/p>\n\n<h3 class=\"wp-block-heading\">Informaci\u00f3n que recopilamos directamente de usted<\/h3>\n\n<p>La informaci\u00f3n que nos env\u00ede directamente a trav\u00e9s de nuestros Servicios puede incluir:<\/p>\n\n<ul class=\"wp-block-list\">\n<li><strong>Datos de contacto,<\/strong> incluidos su nombre, direcci\u00f3n, n\u00famero de tel\u00e9fono y correo electr\u00f3nico.<\/li>\n\n\n\n<li><strong>Informaci\u00f3n del pedido,<\/strong> incluido su nombre, direcci\u00f3n de facturaci\u00f3n, direcci\u00f3n de env\u00edo, confirmaci\u00f3n de pago, direcci\u00f3n de correo electr\u00f3nico y n\u00famero de tel\u00e9fono.<\/li>\n\n\n\n<li><strong>Informaci\u00f3n de la cuenta,<\/strong> incluido su nombre de usuario, contrase\u00f1a e informaci\u00f3n utilizada para fines de seguridad de la cuenta<\/li>\n\n\n\n<li><strong>Informaci\u00f3n de compras,<\/strong> incluidos los art\u00edculos que ve, agrega al carrito, guarda en su cuenta (por ejemplo, puntos de fidelidad, rese\u00f1as, referencias, tarjetas de regalo) o compra.<\/li>\n\n\n\n<li><strong>Informaci\u00f3n de atenci\u00f3n al cliente,<\/strong> incluida la informaci\u00f3n que usted decide incluir en las comunicaciones con nosotros (por ejemplo, cuando se comunica con el servicio de asistencia)<\/li>\n<\/ul>\n\n<p>Algunas funciones de los Servicios podr\u00edan requerir que proporciones cierta informaci\u00f3n personal. Puedes optar por no proporcionar esta informaci\u00f3n, pero hacerlo podr\u00eda impedirte usar o acceder a dichas funciones. <\/p>\n\n<h3 class=\"wp-block-heading\">Informaci\u00f3n que recopilamos sobre su uso<\/h3>\n\n<p>Podemos recopilar autom\u00e1ticamente cierta informaci\u00f3n sobre su interacci\u00f3n con los Servicios (\u00bb <strong>Datos de Uso<\/strong> \u00ab). Para ello, podemos utilizar cookies, p\u00edxeles y tecnolog\u00edas similares (\u00bb <strong>Cookies<\/strong> \u00ab). Los Datos de Uso pueden incluir informaci\u00f3n sobre c\u00f3mo accede y utiliza nuestro Sitio y su cuenta, incluyendo informaci\u00f3n sobre su dispositivo y navegador, informaci\u00f3n sobre su conexi\u00f3n de red, su direcci\u00f3n IP y otra informaci\u00f3n sobre su interacci\u00f3n con los Servicios.  <\/p>\n\n<h3 class=\"wp-block-heading\">Informaci\u00f3n que obtenemos de terceros<\/h3>\n\n<p>Podemos obtener informaci\u00f3n sobre usted de terceros, incluidos proveedores y proveedores de servicios que recopilan informaci\u00f3n en nuestro nombre, como:<\/p>\n\n<ul class=\"wp-block-list\">\n<li>Empresas que respaldan nuestro sitio y servicios (por ejemplo, alojamiento y complementos <strong>de WordPress + WooCommerce<\/strong> , seguridad del sitio, rendimiento y herramientas de respaldo)<\/li>\n\n\n\n<li>Procesadores de pagos (por ejemplo, para procesar su pago para cumplir con los pedidos que solicita)<\/li>\n\n\n\n<li>Proveedores de servicios de an\u00e1lisis, publicidad y correo electr\u00f3nico (por ejemplo, herramientas que nos ayudan a comprender el uso y enviar las comunicaciones que ha solicitado)<\/li>\n\n\n\n<li>Cuando visita nuestro Sitio, abre o hace clic en los correos electr\u00f3nicos que le enviamos o interact\u00faa con nuestros Servicios o anuncios, nosotros o los terceros con los que trabajamos podemos recopilar autom\u00e1ticamente cierta informaci\u00f3n utilizando tecnolog\u00edas de seguimiento en l\u00ednea (por ejemplo, p\u00edxeles, balizas web, SDK, bibliotecas de terceros, cookies).<\/li>\n<\/ul>\n\n<p>Toda informaci\u00f3n que obtengamos de terceros se tratar\u00e1 de acuerdo con esta Pol\u00edtica de Privacidad. Consulte tambi\u00e9n <em>la secci\u00f3n \u00abSitios web y enlaces de terceros\u00bb<\/em> a continuaci\u00f3n. <\/p>\n\n<h3 class=\"wp-block-heading\">C\u00f3mo usamos su informaci\u00f3n personal<\/h3>\n\n<ul class=\"wp-block-list\">\n<li><strong>Prestaci\u00f3n de Productos y Servicios (art. 6(1)(b) del RGPD).<\/strong> Para prestar y gestionar los Servicios, procesar pagos, completar pedidos, enviar notificaciones sobre su cuenta\/compras\/devoluciones\/cambios, gestionar env\u00edos, facilitar devoluciones y otras funciones relacionadas con su cuenta.<\/li>\n\n\n\n<li><strong>Marketing y publicidad (art. 6(1)(f) del RGPD; art. 6(1)(a) cuando se requiera el consentimiento).<\/strong> Para enviar comunicaciones de marketing por correo electr\u00f3nico, SMS o correo postal; para personalizar y mejorar la publicidad en nuestro sitio web y otros sitios web. Cuando sea necesario, solicitaremos su consentimiento. <\/li>\n\n\n\n<li><strong>Seguridad y prevenci\u00f3n del fraude (art. 6(1)(f) del RGPD).<\/strong> Para detectar, investigar o tomar medidas ante posibles actividades fraudulentas, ilegales o maliciosas; para proteger la integridad y la seguridad de los Servicios.<\/li>\n\n\n\n<li><strong>Mejora de las comunicaciones y del servicio (art. 6(1)(f) del RGPD).<\/strong> Para brindar atenci\u00f3n al cliente y mejorar nuestros servicios (p. ej., diagn\u00f3sticos, an\u00e1lisis y pruebas).<\/li>\n\n\n\n<li><strong>Cumplimiento legal (art. 6(1)(c) del RGPD).<\/strong> Para cumplir con las leyes, normativas y procesos legales aplicables.<\/li>\n<\/ul>\n\n<h2 class=\"wp-block-heading\">Galletas<\/h2>\n\n<p>Al igual que muchos sitios web, utilizamos cookies y tecnolog\u00edas similares para operar y mejorar nuestro sitio y nuestros servicios (por ejemplo, para recordar sus preferencias, mantener sesiones, realizar an\u00e1lisis, medir el rendimiento y personalizar el contenido y los anuncios). Tambi\u00e9n podemos permitir que terceros (por ejemplo, socios de an\u00e1lisis o publicidad, pasarelas de pago y herramientas antifraude) instalen cookies en nuestro sitio. <\/p>\n\n<p>La mayor\u00eda de los navegadores aceptan cookies por defecto, pero puede configurar su navegador para que las elimine o las rechace. Eliminar o bloquear las cookies puede afectar negativamente a su experiencia de usuario y provocar que algunos servicios no funcionen correctamente. <\/p>\n\n<p>Nuestro sitio web reconoce la se\u00f1al <strong>de Control Global de Privacidad (GPC)<\/strong> , que le permite rechazar ciertos usos o divulgaciones de su informaci\u00f3n desde el navegador\/dispositivo asociado. Para obtener m\u00e1s informaci\u00f3n sobre GPC, visite <a href=\"https:\/\/globalprivacycontrol.org\/\" target=\"_blank\" rel=\"noreferrer noopener\">globalprivacycontrol.org<\/a> . Aparte de GPC (cuando corresponda), no respondemos a otras se\u00f1ales de \u00abNo rastrear\u00bb.  <\/p>\n\n<p>Puede administrar sus preferencias de cookies en cualquier momento a trav\u00e9s de nuestro banner de cookies o configuraci\u00f3n: <a href=\"https:\/\/peptidepowereu.is\/cookie-settings\/\">Configuraci\u00f3n de cookies<\/a> .<\/p>\n\n<h2 class=\"wp-block-heading\">C\u00f3mo divulgamos informaci\u00f3n personal<\/h2>\n\n<p>Podemos divulgar su informaci\u00f3n personal a terceros para los fines descritos anteriormente, incluidos:<\/p>\n\n<ul class=\"wp-block-list\">\n<li><strong>Proveedores de servicios<\/strong> (por ejemplo, alojamiento, TI\/seguridad, procesamiento de pagos, cumplimiento y env\u00edo de pedidos, atenci\u00f3n al cliente, an\u00e1lisis, entrega de correo electr\u00f3nico\/SMS, almacenamiento en la nube)<\/li>\n\n\n\n<li><strong>Socios comerciales y de marketing<\/strong> para brindarle servicios y publicitarle (sujeto a sus propios avisos de privacidad y requisitos de consentimiento aplicables)<\/li>\n\n\n\n<li><strong>Con su direcci\u00f3n o consentimiento<\/strong> (por ejemplo, para enviar productos; integraciones de inicio de sesi\u00f3n social; programas de referencia)<\/li>\n\n\n\n<li><strong>Afiliados y dentro de nuestro grupo<\/strong> en nuestro inter\u00e9s leg\u00edtimo de gestionar nuestro negocio de manera eficiente<\/li>\n\n\n\n<li><strong>Legal y cumplimiento<\/strong> en relaci\u00f3n con transacciones comerciales (por ejemplo, fusi\u00f3n), para cumplir con obligaciones legales, hacer cumplir nuestros t\u00e9rminos o proteger los Servicios y nuestros derechos\/derechos de los usuarios<\/li>\n<\/ul>\n\n<p>Durante los \u00faltimos 12 meses hemos revelado las siguientes categor\u00edas de informaci\u00f3n personal para los fines descritos anteriormente:<\/p>\n\n<figure class=\"wp-block-table\"><table class=\"has-fixed-layout\"><tbody><tr><th>Categor\u00eda<\/th><th>Categor\u00edas de destinatarios<\/th><\/tr><tr><td>Identificadores (p. ej., detalles de contacto, identificadores de cuenta\/pedido) Informaci\u00f3n comercial (p. ej., pedidos, interacciones de compra, registros de soporte) Actividad de Internet\/red (datos de uso, direcci\u00f3n IP, datos del dispositivo\/navegador) Datos de geolocalizaci\u00f3n derivados de la direcci\u00f3n IP o similar<\/td><td>Proveedores de servicios (alojamiento\/TI, pagos, cumplimiento\/env\u00edo, soporte, an\u00e1lisis) Socios comerciales y de marketing Afiliados y empresas del grupo<\/td><\/tr><\/tbody><\/table><\/figure>\n\n<p>No utilizamos ni divulgamos informaci\u00f3n personal confidencial para fines distintos a los permitidos por la ley ni la utilizamos para inferir caracter\u00edsticas suyas. Cuando la legislaci\u00f3n aplicable exija su consentimiento para ciertas divulgaciones o publicidad dirigida, solicitaremos su consentimiento y respetaremos sus decisiones (incluidas las GPC, si procede). <\/p>\n\n<h2 class=\"wp-block-heading\">Sitios web y enlaces de terceros<\/h2>\n\n<p>Nuestro Sitio puede enlazar a sitios web o plataformas operados por terceros. Si sigue enlaces a sitios que no controlamos, le recomendamos revisar sus pol\u00edticas de privacidad y seguridad, as\u00ed como otros t\u00e9rminos. No nos responsabilizamos de la privacidad ni de la seguridad de dichos sitios, ni de la exactitud, integridad ni fiabilidad de la informaci\u00f3n que contienen. La informaci\u00f3n que proporcione en espacios p\u00fablicos o semip\u00fablicos (incluidas las plataformas sociales de terceros) podr\u00eda ser visible para otros.   <\/p>\n\n<h2 class=\"wp-block-heading\">Datos de los ni\u00f1os<\/h2>\n\n<p>Los Servicios no est\u00e1n destinados a menores y no recopilamos intencionalmente informaci\u00f3n personal de menores. Si usted es padre, madre o tutor y cree que su hijo nos ha proporcionado informaci\u00f3n personal, p\u00f3ngase en contacto con nosotros utilizando los datos que aparecen a continuaci\u00f3n para que podamos eliminarla. <\/p>\n\n<h2 class=\"wp-block-heading\">Seguridad y retenci\u00f3n de su informaci\u00f3n<\/h2>\n\n<p>Ninguna medida de seguridad es perfecta ni impenetrable, y no podemos garantizar una seguridad total. La informaci\u00f3n que nos env\u00ede podr\u00eda no estar segura durante su transporte. No utilice canales inseguros para transmitirnos informaci\u00f3n sensible o confidencial.  <\/p>\n\n<p>Conservamos la informaci\u00f3n personal el tiempo necesario para cumplir con los fines descritos en esta Pol\u00edtica (p. ej., mantener su cuenta, prestar los Servicios), cumplir con las obligaciones legales, resolver disputas y hacer cumplir nuestros acuerdos. Los periodos de conservaci\u00f3n pueden variar seg\u00fan la categor\u00eda y la finalidad de los datos. <\/p>\n\n<h2 class=\"wp-block-heading\">Sus derechos (RGPD\/EEE\/Reino Unido y otras leyes aplicables)<\/h2>\n\n<p>Dependiendo de su lugar de residencia, podr\u00eda tener algunos o todos los derechos que se indican a continuaci\u00f3n en relaci\u00f3n con su informaci\u00f3n personal. Estos derechos est\u00e1n sujetos a las condiciones y excepciones establecidas por la legislaci\u00f3n aplicable: <\/p>\n\n<ul class=\"wp-block-list\">\n<li><strong>Derecho de acceso\/conocimiento<\/strong> : solicitar acceso a la informaci\u00f3n personal que tenemos sobre usted<\/li>\n\n\n\n<li><strong>Derecho de eliminaci\u00f3n<\/strong> : solicitar la eliminaci\u00f3n de la informaci\u00f3n personal que mantenemos sobre usted<\/li>\n\n\n\n<li><strong>Derecho de rectificaci\u00f3n<\/strong> : solicitar la correcci\u00f3n de datos personales inexactos<\/li>\n\n\n\n<li><strong>Derecho a la portabilidad<\/strong> : recibir una copia de la informaci\u00f3n personal y\/o solicitar su transferencia a un tercero (cuando sea t\u00e9cnicamente posible)<\/li>\n\n\n\n<li><strong>Derecho de oposici\u00f3n<\/strong> : oponerse al procesamiento basado en nuestros intereses leg\u00edtimos, incluido el marketing directo.<\/li>\n\n\n\n<li><strong>Derecho a restringir<\/strong> : solicitar que restrinjamos cierto procesamiento<\/li>\n\n\n\n<li><strong>Derecho a retirar el consentimiento<\/strong> : cuando nos basamos en el consentimiento, usted puede retirarlo en cualquier momento<\/li>\n\n\n\n<li><strong>Gesti\u00f3n de comunicaciones<\/strong> : puede optar por no recibir correos electr\u00f3nicos de marketing en cualquier momento a trav\u00e9s del enlace para cancelar la suscripci\u00f3n (a\u00fan podemos enviar comunicaciones de servicios no promocionales)<\/li>\n<\/ul>\n\n<p>Puede ejercer estos derechos donde se indica en nuestro Sitio o contact\u00e1ndonos utilizando los datos que aparecen a continuaci\u00f3n. Es posible que necesitemos verificar su identidad (por ejemplo, su direcci\u00f3n de correo electr\u00f3nico o los datos de su cuenta) antes de responder. Cuando est\u00e9 permitido, puede designar a un agente autorizado para que presente solicitudes en su nombre; le solicitaremos un comprobante de autorizaci\u00f3n y que verifique su identidad directamente.  <\/p>\n\n<h2 class=\"wp-block-heading\">Quejas<\/h2>\n\n<p>Si tiene alguna duda sobre c\u00f3mo procesamos su informaci\u00f3n personal, p\u00f3ngase en contacto con nosotros utilizando los datos que figuran a continuaci\u00f3n. Tambi\u00e9n tiene derecho a presentar una reclamaci\u00f3n ante la autoridad local de protecci\u00f3n de datos. En la Rep\u00fablica Checa, la autoridad supervisora es la <em>Oficina de Protecci\u00f3n de Datos Personales (\u00da\u0159ad pro ochranu osobn\u00edch \u00fadaj\u016f \u2013 \u00daOO\u00da)<\/em> en <a href=\"https:\/\/www.uoou.cz\/\" target=\"_blank\" rel=\"noreferrer noopener\">uoou.cz.<\/a> Para el EEE, puede consultar la lista de autoridades supervisoras <a href=\"https:\/\/edpb.europa.eu\/about-edpb\/about-edpb\/members\" target=\"_blank\" rel=\"noreferrer noopener\">aqu\u00ed<\/a> .   <\/p>\n\n<h2 class=\"wp-block-heading\">Usuarios internacionales y transferencias de datos<\/h2>\n\n<p>Podemos transferir, almacenar y procesar su informaci\u00f3n personal fuera de su pa\u00eds de residencia, incluidos pa\u00edses que podr\u00edan no ofrecer el mismo nivel de protecci\u00f3n de datos que su jurisdicci\u00f3n de origen. Cuando transferimos informaci\u00f3n personal desde el EEE\/Reino Unido a pa\u00edses que no se consideran adecuados, nos basamos en las garant\u00edas pertinentes, como las Cl\u00e1usulas Contractuales Tipo de la Comisi\u00f3n Europea (o sus equivalentes en el Reino Unido), a menos que se aplique otro mecanismo de transferencia legal. <\/p>\n\n<h2 class=\"wp-block-heading\">Contacto<\/h2>\n\n<p>Si tiene alguna pregunta sobre nuestras pr\u00e1cticas de privacidad o esta Pol\u00edtica de privacidad, o si desea ejercer sus derechos, env\u00edenos un correo electr\u00f3nico a <a href=\"mailto:cs@peptidepower.is\">cs@peptidepower.is<\/a> .<\/p>\n\n<p><strong>Responsable del tratamiento de datos:<\/strong> Exotic Ventures SRO, Rep\u00fablica Checa.<br\/> Direcci\u00f3n registrada:<\/p>\n\n<p>Bart\u00e1kova 1121\/3<br\/> 140 00 Praga<br\/> Rep\u00fablica Checa<\/p>\n","protected":false},"excerpt":{"rendered":"<p>pol\u00edtica de privacidad \u00daltima actualizaci\u00f3n: 21 de octubre de 2025 Esta Pol\u00edtica de Privacidad describe c\u00f3mo PEPTIDE.Power (el \u00abSitio\u00bb, \u00abnosotros\u00bb,<\/p>\n","protected":false},"author":1,"featured_media":0,"parent":0,"menu_order":0,"comment_status":"closed","ping_status":"open","template":"","meta":{"_acf_changed":false,"footnotes":""},"class_list":["post-31116","page","type-page","status-publish","hentry"],"acf":[],"_links":{"self":[{"href":"https:\/\/peptidepowereu.is\/es\/wp-json\/wp\/v2\/pages\/31116","targetHints":{"allow":["GET"]}}],"collection":[{"href":"https:\/\/peptidepowereu.is\/es\/wp-json\/wp\/v2\/pages"}],"about":[{"href":"https:\/\/peptidepowereu.is\/es\/wp-json\/wp\/v2\/types\/page"}],"author":[{"embeddable":true,"href":"https:\/\/peptidepowereu.is\/es\/wp-json\/wp\/v2\/users\/1"}],"replies":[{"embeddable":true,"href":"https:\/\/peptidepowereu.is\/es\/wp-json\/wp\/v2\/comments?post=31116"}],"version-history":[{"count":0,"href":"https:\/\/peptidepowereu.is\/es\/wp-json\/wp\/v2\/pages\/31116\/revisions"}],"wp:attachment":[{"href":"https:\/\/peptidepowereu.is\/es\/wp-json\/wp\/v2\/media?parent=31116"}],"curies":[{"name":"wp","href":"https:\/\/api.w.org\/{rel}","templated":true}]}}