{"id":31088,"date":"2021-10-12T15:51:09","date_gmt":"2021-10-12T15:51:09","guid":{"rendered":"https:\/\/peptidepowereu.is\/sobre-nosotros\/"},"modified":"2026-01-13T00:30:12","modified_gmt":"2026-01-13T00:30:12","slug":"sobre-nosotros","status":"publish","type":"page","link":"https:\/\/peptidepowereu.is\/es\/sobre-nosotros\/","title":{"rendered":"Sobre nosotros"},"content":{"rendered":"\t\t<div data-elementor-type=\"wp-page\" data-elementor-id=\"31088\" class=\"elementor elementor-31088 elementor-4400\" data-elementor-post-type=\"page\">\n\t\t\t\t<div class=\"wd-negative-gap elementor-element elementor-element-1c90c3f wd-section-stretch e-flex e-con-boxed e-con e-parent\" data-id=\"1c90c3f\" data-element_type=\"container\" data-e-type=\"container\" data-settings=\"{&quot;background_background&quot;:&quot;classic&quot;}\">\n\t\t\t\t\t<div class=\"e-con-inner\">\n\t\t\t\t<div class=\"elementor-element elementor-element-5d57672 elementor-widget__width-initial elementor-widget-tablet__width-inherit wd-width-100 elementor-widget elementor-widget-wd_title\" data-id=\"5d57672\" data-element_type=\"widget\" data-e-type=\"widget\" data-widget_type=\"wd_title.default\">\n\t\t\t\t<div class=\"elementor-widget-container\">\n\t\t\t\t\t\t\t<div class=\"title-wrapper wd-set-mb reset-last-child wd-title-color-primary wd-title-style-default wd-title-size-large text-left\">\n\n\t\t\t\t\t\t\t\t\t\t\t<div class=\"title-subtitle subtitle-color-primary subtitle-style-default wd-fontsize-xs\">\n\t\t\t\t\tALGUNAS PALABRAS SOBRE NOSOTROS\t\t\t\t<\/div>\n\t\t\t\n\t\t\t<div class=\"liner-continer\">\n\t\t\t\t<h4 class=\"woodmart-title-container title wd-fontsize-xxl\">La excelencia en la investigaci\u00f3n se une a la integridad cient\u00edfica<\/h4> \n\t\t\t\t\t\t\t<\/div>\n\n\t\t\t\t\t\t\t<div class=\"title-after_title reset-last-child wd-fontsize-s\">\n\t\t\t\t\t<p>Fundado en principios de pureza, precisi\u00f3n y transparencia, PEPTIDE.Power ofrece p\u00e9ptidos de investigaci\u00f3n de grado farmac\u00e9utico a la comunidad cient\u00edfica y a entusiastas informados del biohacking de todo el mundo.<\/p>\t\t\t\t<\/div>\n\t\t\t\t\t<\/div>\n\t\t\t\t\t\t<\/div>\n\t\t\t\t<\/div>\n\t\t\t\t<div class=\"elementor-element elementor-element-9c05225 elementor-widget__width-initial elementor-widget elementor-widget-wd_infobox\" data-id=\"9c05225\" data-element_type=\"widget\" data-e-type=\"widget\" data-widget_type=\"wd_infobox.default\">\n\t\t\t\t<div class=\"elementor-widget-container\">\n\t\t\t\t\t\t\t<div class=\"info-box-wrapper\">\n\t\t\t<div class=\"wd-info-box text-left box-icon-align-top box-style-base color-scheme-\">\n\t\t\t\t\n\t\t\t\t<div class=\"info-box-content\">\n\t\t\t\t\t\n\t\t\t\t\t\t\t\t\t\t\t<h4\t\t\t\t\t\tclass=\"info-box-title title box-title-style-default wd-fontsize-m\" data-elementor-setting-key=\"title\">\n\t\t\t\t\t\t\t\tAmamos lo que hacemos\t\t\t\t\t\t<\/h4>\n\t\t\t\t\t\n\t\t\t\t\t<div class=\"info-box-inner reset-last-child\"data-elementor-setting-key=\"content\"><p>En la intersecci\u00f3n de la ciencia de p\u00e9ptidos de vanguardia y la innovaci\u00f3n accesible, nos apasiona empoderar a los investigadores y optimizadores de la salud con compuestos que alguna vez solo estaban disponibles en laboratorios de \u00e9lite.<\/p>\n<p>Cada vial representa nuestro compromiso de mejorar el rendimiento y la longevidad humana a trav\u00e9s de rigurosos est\u00e1ndares de calidad.<\/p>\n<\/div>\n\n\t\t\t\t\t\t\t\t\t<\/div>\n\n\t\t\t\t\t\t\t<\/div>\n\t\t<\/div>\n\t\t\t\t\t\t<\/div>\n\t\t\t\t<\/div>\n\t\t\t\t<div class=\"elementor-element elementor-element-ec30bde elementor-widget__width-initial elementor-widget elementor-widget-wd_infobox\" data-id=\"ec30bde\" data-element_type=\"widget\" data-e-type=\"widget\" data-widget_type=\"wd_infobox.default\">\n\t\t\t\t<div class=\"elementor-widget-container\">\n\t\t\t\t\t\t\t<div class=\"info-box-wrapper\">\n\t\t\t<div class=\"wd-info-box text-left box-icon-align-top box-style-base color-scheme-\">\n\t\t\t\t\n\t\t\t\t<div class=\"info-box-content\">\n\t\t\t\t\t\n\t\t\t\t\t\t\t\t\t\t\t<h4\t\t\t\t\t\tclass=\"info-box-title title box-title-style-default wd-fontsize-m\" data-elementor-setting-key=\"title\">\n\t\t\t\t\t\t\t\tNuestro proceso de trabajo\t\t\t\t\t\t<\/h4>\n\t\t\t\t\t\n\t\t\t\t\t<div class=\"info-box-inner reset-last-child\"data-elementor-setting-key=\"content\"><p>Desde la s\u00edntesis hasta su domicilio, cada p\u00e9ptido se somete a exhaustivas pruebas externas, procesamiento est\u00e9ril y documentaci\u00f3n precisa. Nos abastecemos de instalaciones con certificaci\u00f3n cGMP, verificamos la pureza mediante an\u00e1lisis HPLC y realizamos env\u00edos con seguimiento completo de la cadena de custodia, porque su investigaci\u00f3n merece la fiabilidad de un laboratorio. <\/p>\n<\/div>\n\n\t\t\t\t\t\t\t\t\t<\/div>\n\n\t\t\t\t\t\t\t<\/div>\n\t\t<\/div>\n\t\t\t\t\t\t<\/div>\n\t\t\t\t<\/div>\n\t\t\t\t\t<\/div>\n\t\t\t\t<\/div>\n\t\t<div class=\"wd-negative-gap elementor-element elementor-element-7c7c544 e-flex e-con-boxed e-con e-parent\" data-id=\"7c7c544\" data-element_type=\"container\" data-e-type=\"container\">\n\t\t\t\t\t<div class=\"e-con-inner\">\n\t\t<div class=\"elementor-element elementor-element-e7cb5cd e-con-full e-flex e-con e-child\" data-id=\"e7cb5cd\" data-element_type=\"container\" data-e-type=\"container\">\n\t\t\t\t<div class=\"elementor-element elementor-element-56aec39 elementor-widget elementor-widget-wd_image_or_svg\" data-id=\"56aec39\" data-element_type=\"widget\" data-e-type=\"widget\" data-widget_type=\"wd_image_or_svg.default\">\n\t\t\t\t<div class=\"elementor-widget-container\">\n\t\t\t\t\t\n\t\t<div class=\"wd-image text-left\">\n\t\t\t\t\t\t\t\t\t\t\t\t\t<\/div>\n\n\t\t\t\t\t\t<\/div>\n\t\t\t\t<\/div>\n\t\t\t\t<\/div>\n\t\t<div class=\"elementor-element elementor-element-97d6084 e-con-full e-flex e-con e-child\" data-id=\"97d6084\" data-element_type=\"container\" data-e-type=\"container\">\n\t\t\t\t<div class=\"elementor-element elementor-element-98d830b wd-width-100 elementor-widget elementor-widget-wd_title\" data-id=\"98d830b\" data-element_type=\"widget\" data-e-type=\"widget\" data-widget_type=\"wd_title.default\">\n\t\t\t\t<div class=\"elementor-widget-container\">\n\t\t\t\t\t\t\t<div class=\"title-wrapper wd-set-mb reset-last-child wd-title-color-primary wd-title-style-default wd-title-size-large text-left\">\n\n\t\t\t\n\t\t\t<div class=\"liner-continer\">\n\t\t\t\t<h4 class=\"woodmart-title-container title wd-fontsize-xxl\">Acerca de nuestra tienda online<\/h4> \n\t\t\t\t\t\t\t<\/div>\n\n\t\t\t\t\t\t\t<div class=\"title-after_title reset-last-child wd-fontsize-s\">\n\t\t\t\t\t<p>Donde la precisi\u00f3n cient\u00edfica se combina con una accesibilidad perfecta: PEPTIDE.Power transforma la investigaci\u00f3n de vanguardia sobre longevidad en una experiencia digital optimizada dise\u00f1ada para el optimizador informado.<\/p>\t\t\t\t<\/div>\n\t\t\t\t\t<\/div>\n\t\t\t\t\t\t<\/div>\n\t\t\t\t<\/div>\n\t\t\t\t<div class=\"elementor-element elementor-element-66e47ad elementor-widget elementor-widget-wd_text_block\" data-id=\"66e47ad\" data-element_type=\"widget\" data-e-type=\"widget\" data-widget_type=\"wd_text_block.default\">\n\t\t\t\t<div class=\"elementor-widget-container\">\n\t\t\t\t\t\t\t<div class=\"wd-text-block reset-last-child text-left\">\n\t\t\t\n\t\t\t<p>En <strong data-start=\"282\" data-end=\"299\">PEPTIDE.Power<\/strong> , nos especializamos en <strong data-start=\"318\" data-end=\"367\">p\u00e9ptidos de grado de investigaci\u00f3n<\/strong> , dise\u00f1ados con precisi\u00f3n en plumas de inyecci\u00f3n estabilizadas y listas para usar.<\/p><p>Nuestra misi\u00f3n es simplificar el proceso de investigaci\u00f3n: sin viales, sin mezclas, sin conjeturas: solo <strong data-start=\"527\" data-end=\"566\">precisi\u00f3n pura y calidad verificada<\/strong> .<\/p><p>Cada producto se prepara en condiciones controladas, se prueba su pureza y se env\u00eda en un embalaje protegido de la temperatura para garantizar <strong data-start=\"701\" data-end=\"734\">la m\u00e1xima estabilidad y potencia<\/strong> .<br><br data-start=\"735\" data-end=\"738\"> Nos guiamos por un principio simple: <strong data-start=\"775\" data-end=\"828\">si no lo usar\u00edamos nosotros mismos, no lo enviamos<\/strong> .<\/p>\n\t\t\t\t\t<\/div>\n\t\t\t\t\t\t<\/div>\n\t\t\t\t<\/div>\n\t\t<div class=\"elementor-element elementor-element-3eef7d8 e-con-full e-flex e-con e-child\" data-id=\"3eef7d8\" data-element_type=\"container\" data-e-type=\"container\">\n\t\t\t\t<div class=\"elementor-element elementor-element-ee232e9 elementor-widget__width-auto elementor-hidden-phone elementor-widget elementor-widget-wd_social_buttons\" data-id=\"ee232e9\" data-element_type=\"widget\" data-e-type=\"widget\" data-widget_type=\"wd_social_buttons.default\">\n\t\t\t\t<div class=\"elementor-widget-container\">\n\t\t\t\t\t\t\t\t<div\n\t\t\t\t\t\tclass=\" wd-social-icons wd-style-colored-alt wd-size-small social-share wd-shape-circle color-scheme-dark text-left\">\n\t\t\t\t\n\t\t\t\t\n\t\t\t\t\t\t\t\t\t<a rel=\"noopener noreferrer nofollow\" href=\"https:\/\/www.facebook.com\/sharer\/sharer.php?u=https:\/\/peptidepowereu.is\/es\/sobre-nosotros\/\" target=\"_blank\" class=\" wd-social-icon social-facebook\" aria-label=\"Facebook social link\">\n\t\t\t\t\t\t<span class=\"wd-icon\"><\/span>\n\t\t\t\t\t\t\t\t\t\t\t<\/a>\n\t\t\t\t\n\t\t\t\t\t\t\t\t\t<a rel=\"noopener noreferrer nofollow\" href=\"https:\/\/x.com\/share?url=https:\/\/peptidepowereu.is\/es\/sobre-nosotros\/\" target=\"_blank\" class=\" wd-social-icon social-twitter\" aria-label=\"X social link\">\n\t\t\t\t\t\t<span class=\"wd-icon\"><\/span>\n\t\t\t\t\t\t\t\t\t\t\t<\/a>\n\t\t\t\t\n\t\t\t\t\n\t\t\t\t\n\t\t\t\t\n\t\t\t\t\n\t\t\t\t\n\t\t\t\t\n\t\t\t\t\n\t\t\t\t\n\t\t\t\t\n\t\t\t\t\n\t\t\t\t\n\t\t\t\t\n\t\t\t\t\n\t\t\t\t\n\t\t\t\t\n\t\t\t\t\n\t\t\t\t\t\t\t\t\t<a rel=\"noopener noreferrer nofollow\" href=\"https:\/\/api.whatsapp.com\/send?text=https%3A%2F%2Fpeptidepowereu.is%2Fes%2Fsobre-nosotros%2F\" target=\"_blank\" class=\" wd-hide-md wd-social-icon social-whatsapp\" aria-label=\"WhatsApp social link\">\n\t\t\t\t\t\t<span class=\"wd-icon\"><\/span>\n\t\t\t\t\t\t\t\t\t\t\t<\/a>\n\n\t\t\t\t\t<a rel=\"noopener noreferrer nofollow\" href=\"whatsapp:\/\/send?text=http:\/\/https%3A%2F%2Fpeptidepowereu.is%2Fes%2Fsobre-nosotros%2F\" target=\"_blank\" class=\" wd-hide-lg wd-social-icon social-whatsapp\" aria-label=\"WhatsApp social link\">\n\t\t\t\t\t\t<span class=\"wd-icon\"><\/span>\n\t\t\t\t\t\t\t\t\t\t\t<\/a>\n\t\t\t\t\n\t\t\t\t\n\t\t\t\t\n\t\t\t\t\n\t\t\t\t\n\t\t\t\t\n\t\t\t\t\t\t\t\t\t<a rel=\"noopener noreferrer nofollow\" href=\"https:\/\/telegram.me\/share\/url?url=https:\/\/peptidepowereu.is\/es\/sobre-nosotros\/\" target=\"_blank\" class=\" wd-social-icon social-tg\" aria-label=\"Telegram social link\">\n\t\t\t\t\t\t<span class=\"wd-icon\"><\/span>\n\t\t\t\t\t\t\t\t\t\t\t<\/a>\n\t\t\t\t\n\t\t\t\t\t\t\t\t\t<a rel=\"noopener noreferrer nofollow\" href=\"viber:\/\/forward?text=http:\/\/https%3A%2F%2Fpeptidepowereu.is%2Fes%2Fsobre-nosotros%2F\" target=\"_blank\" class=\" wd-social-icon social-viber\" aria-label=\"Viber social link\">\n\t\t\t\t\t\t<span class=\"wd-icon\"><\/span>\n\t\t\t\t\t\t\t\t\t\t\t<\/a>\n\t\t\t\t\n\t\t\t<\/div>\n\n\t\t\t\t\t\t<\/div>\n\t\t\t\t<\/div>\n\t\t\t\t<\/div>\n\t\t\t\t<\/div>\n\t\t\t\t\t<\/div>\n\t\t\t\t<\/div>\n\t\t<div class=\"wd-negative-gap elementor-element elementor-element-0aaf669 wd-section-stretch e-flex e-con-boxed e-con e-parent\" data-id=\"0aaf669\" data-element_type=\"container\" data-e-type=\"container\" data-settings=\"{&quot;background_background&quot;:&quot;classic&quot;}\">\n\t\t\t\t\t<div class=\"e-con-inner\">\n\t\t<div class=\"elementor-element elementor-element-49529c7 color-scheme-light e-con-full e-flex e-con e-child\" data-id=\"49529c7\" data-element_type=\"container\" data-e-type=\"container\">\n\t\t\t\t<div class=\"elementor-element elementor-element-95c7bfa wd-width-100 elementor-widget elementor-widget-wd_title\" data-id=\"95c7bfa\" data-element_type=\"widget\" data-e-type=\"widget\" data-widget_type=\"wd_title.default\">\n\t\t\t\t<div class=\"elementor-widget-container\">\n\t\t\t\t\t\t\t<div class=\"title-wrapper wd-set-mb reset-last-child wd-title-color-primary wd-title-style-default wd-title-size-large text-left\">\n\n\t\t\t\n\t\t\t<div class=\"liner-continer\">\n\t\t\t\t<h4 class=\"woodmart-title-container title wd-fontsize-xxl\">Impulsamos la investigaci\u00f3n a trav\u00e9s de cada mol\u00e9cula que lanzamos<\/h4> \n\t\t\t\t\t\t\t<\/div>\n\n\t\t\t\t\t<\/div>\n\t\t\t\t\t\t<\/div>\n\t\t\t\t<\/div>\n\t\t\t\t<div class=\"elementor-element elementor-element-d714b41 elementor-widget elementor-widget-wd_button\" data-id=\"d714b41\" data-element_type=\"widget\" data-e-type=\"widget\" data-widget_type=\"wd_button.default\">\n\t\t\t\t<div class=\"elementor-widget-container\">\n\t\t\t\t\t\t\t<div class=\"wd-button-wrapper text-left\" >\n\t\t\t<a class=\"btn btn-style-link btn-shape- btn-size-default btn-color-white btn-icon-pos-right\" >\n\t\t\t\t<span class=\"wd-btn-text\" data-elementor-setting-key=\"text\">\n\t\t\t\t\tPrecisi\u00f3n. Pureza.  FUERZA\t\t\t\t<\/span>\n\n\t\t\t\t\t\t\t<\/a>\n\t\t<\/div>\n\t\t\t\t\t\t<\/div>\n\t\t\t\t<\/div>\n\t\t\t\t<\/div>\n\t\t<div class=\"elementor-element elementor-element-112f98a e-con-full e-flex e-con e-child\" data-id=\"112f98a\" data-element_type=\"container\" data-e-type=\"container\">\n\t\t<div class=\"elementor-element elementor-element-48c7dd1 e-con-full e-flex e-con e-child\" data-id=\"48c7dd1\" data-element_type=\"container\" data-e-type=\"container\">\n\t\t<div class=\"elementor-element elementor-element-54eb2d3 e-con-full e-flex e-con e-child\" data-id=\"54eb2d3\" data-element_type=\"container\" data-e-type=\"container\">\n\t\t\t\t<div class=\"elementor-element elementor-element-14ff076 elementor-widget elementor-widget-wd_counter\" data-id=\"14ff076\" data-element_type=\"widget\" data-e-type=\"widget\" data-widget_type=\"wd_counter.default\">\n\t\t\t\t<div class=\"elementor-widget-container\">\n\t\t\t\t\t\t\t<div class=\"woodmart-counter counter-large text-center color-scheme-light\">\n\t\t\t<div class=\"counter-value\" data-state=\"new\" data-final=\"2024\">\n\t\t\t\t0\t\t\t<\/div>\n\n\t\t\t\t\t\t\t<div class=\"counter-label\">\n\t\t\t\t\tA\u00d1O DE FUNDACI\u00d3N\t\t\t\t<\/div>\n\t\t\t\t\t<\/div>\n\t\t\t\t\t\t<\/div>\n\t\t\t\t<\/div>\n\t\t\t\t<\/div>\n\t\t<div class=\"elementor-element elementor-element-668ca24 e-con-full e-flex e-con e-child\" data-id=\"668ca24\" data-element_type=\"container\" data-e-type=\"container\">\n\t\t\t\t<div class=\"elementor-element elementor-element-da35035 elementor-widget elementor-widget-wd_counter\" data-id=\"da35035\" data-element_type=\"widget\" data-e-type=\"widget\" data-widget_type=\"wd_counter.default\">\n\t\t\t\t<div class=\"elementor-widget-container\">\n\t\t\t\t\t\t\t<div class=\"woodmart-counter counter-large text-center color-scheme-light\">\n\t\t\t<div class=\"counter-value\" data-state=\"new\" data-final=\"3500\">\n\t\t\t\t0\t\t\t<\/div>\n\n\t\t\t\t\t\t\t<div class=\"counter-label\">\n\t\t\t\t\tINVESTIGADORES FELICES\t\t\t\t<\/div>\n\t\t\t\t\t<\/div>\n\t\t\t\t\t\t<\/div>\n\t\t\t\t<\/div>\n\t\t\t\t<\/div>\n\t\t\t\t<\/div>\n\t\t<div class=\"elementor-element elementor-element-6b5c35a e-con-full e-flex e-con e-child\" data-id=\"6b5c35a\" data-element_type=\"container\" data-e-type=\"container\">\n\t\t<div class=\"elementor-element elementor-element-214e692 e-con-full e-flex e-con e-child\" data-id=\"214e692\" data-element_type=\"container\" data-e-type=\"container\">\n\t\t\t\t<div class=\"elementor-element elementor-element-3444280 elementor-widget elementor-widget-wd_counter\" data-id=\"3444280\" data-element_type=\"widget\" data-e-type=\"widget\" data-widget_type=\"wd_counter.default\">\n\t\t\t\t<div class=\"elementor-widget-container\">\n\t\t\t\t\t\t\t<div class=\"woodmart-counter counter-large text-center color-scheme-light\">\n\t\t\t<div class=\"counter-value\" data-state=\"new\" data-final=\"3\">\n\t\t\t\t0\t\t\t<\/div>\n\n\t\t\t\t\t\t\t<div class=\"counter-label\">\n\t\t\t\t\tUBICACIONES: EE. UU., Reino Unido, UE\t\t\t\t<\/div>\n\t\t\t\t\t<\/div>\n\t\t\t\t\t\t<\/div>\n\t\t\t\t<\/div>\n\t\t\t\t<\/div>\n\t\t<div class=\"elementor-element elementor-element-214de82 e-con-full e-flex e-con e-child\" data-id=\"214de82\" data-element_type=\"container\" data-e-type=\"container\">\n\t\t\t\t<div class=\"elementor-element elementor-element-d17999d elementor-widget elementor-widget-wd_counter\" data-id=\"d17999d\" data-element_type=\"widget\" data-e-type=\"widget\" data-widget_type=\"wd_counter.default\">\n\t\t\t\t<div class=\"elementor-widget-container\">\n\t\t\t\t\t\t\t<div class=\"woodmart-counter counter-large text-center color-scheme-light\">\n\t\t\t<div class=\"counter-value\" data-state=\"new\" data-final=\"4\">\n\t\t\t\t0\t\t\t<\/div>\n\n\t\t\t\t\t\t\t<div class=\"counter-label\">\n\t\t\t\t\tPasos de control de calidad\t\t\t\t<\/div>\n\t\t\t\t\t<\/div>\n\t\t\t\t\t\t<\/div>\n\t\t\t\t<\/div>\n\t\t\t\t<\/div>\n\t\t\t\t<\/div>\n\t\t<div class=\"elementor-element elementor-element-2d29667 e-con-full e-flex e-con e-child\" data-id=\"2d29667\" data-element_type=\"container\" data-e-type=\"container\">\n\t\t<div class=\"elementor-element elementor-element-9b12710 e-con-full e-flex e-con e-child\" data-id=\"9b12710\" data-element_type=\"container\" data-e-type=\"container\">\n\t\t\t\t<div class=\"elementor-element elementor-element-f4d40e8 elementor-widget elementor-widget-wd_counter\" data-id=\"f4d40e8\" data-element_type=\"widget\" data-e-type=\"widget\" data-widget_type=\"wd_counter.default\">\n\t\t\t\t<div class=\"elementor-widget-container\">\n\t\t\t\t\t\t\t<div class=\"woodmart-counter counter-large text-center color-scheme-light\">\n\t\t\t<div class=\"counter-value\" data-state=\"new\" data-final=\"7\">\n\t\t\t\t0\t\t\t<\/div>\n\n\t\t\t\t\t\t\t<div class=\"counter-label\">\n\t\t\t\t\tMIEMBROS DEL EQUIPO\t\t\t\t<\/div>\n\t\t\t\t\t<\/div>\n\t\t\t\t\t\t<\/div>\n\t\t\t\t<\/div>\n\t\t\t\t<\/div>\n\t\t<div class=\"elementor-element elementor-element-cc152f4 e-con-full e-flex e-con e-child\" data-id=\"cc152f4\" data-element_type=\"container\" data-e-type=\"container\">\n\t\t\t\t<div class=\"elementor-element elementor-element-168ddab elementor-widget elementor-widget-wd_counter\" data-id=\"168ddab\" data-element_type=\"widget\" data-e-type=\"widget\" data-widget_type=\"wd_counter.default\">\n\t\t\t\t<div class=\"elementor-widget-container\">\n\t\t\t\t\t\t\t<div class=\"woodmart-counter counter-large text-center color-scheme-light\">\n\t\t\t<div class=\"counter-value\" data-state=\"new\" data-final=\"98.6\">\n\t\t\t\t0\t\t\t<\/div>\n\n\t\t\t\t\t\t\t<div class=\"counter-label\">\n\t\t\t\t\tPUREZA MEDIA %\t\t\t\t<\/div>\n\t\t\t\t\t<\/div>\n\t\t\t\t\t\t<\/div>\n\t\t\t\t<\/div>\n\t\t\t\t<\/div>\n\t\t\t\t<\/div>\n\t\t\t\t<\/div>\n\t\t\t\t\t<\/div>\n\t\t\t\t<\/div>\n\t\t\t\t<\/div>\n\t\t","protected":false},"excerpt":{"rendered":"<p>ALGUNAS PALABRAS SOBRE NOSOTROS La excelencia en la investigaci\u00f3n se une a la integridad cient\u00edfica Fundado en principios de pureza,<\/p>\n","protected":false},"author":1,"featured_media":0,"parent":0,"menu_order":0,"comment_status":"closed","ping_status":"closed","template":"","meta":{"_acf_changed":false,"footnotes":""},"class_list":["post-31088","page","type-page","status-publish","hentry"],"acf":[],"_links":{"self":[{"href":"https:\/\/peptidepowereu.is\/es\/wp-json\/wp\/v2\/pages\/31088","targetHints":{"allow":["GET"]}}],"collection":[{"href":"https:\/\/peptidepowereu.is\/es\/wp-json\/wp\/v2\/pages"}],"about":[{"href":"https:\/\/peptidepowereu.is\/es\/wp-json\/wp\/v2\/types\/page"}],"author":[{"embeddable":true,"href":"https:\/\/peptidepowereu.is\/es\/wp-json\/wp\/v2\/users\/1"}],"replies":[{"embeddable":true,"href":"https:\/\/peptidepowereu.is\/es\/wp-json\/wp\/v2\/comments?post=31088"}],"version-history":[{"count":0,"href":"https:\/\/peptidepowereu.is\/es\/wp-json\/wp\/v2\/pages\/31088\/revisions"}],"wp:attachment":[{"href":"https:\/\/peptidepowereu.is\/es\/wp-json\/wp\/v2\/media?parent=31088"}],"curies":[{"name":"wp","href":"https:\/\/api.w.org\/{rel}","templated":true}]}}